{"id":3551314,"date":"2025-01-09T20:46:19","date_gmt":"2025-01-09T19:46:19","guid":{"rendered":"https:\/\/www.beaulieuboatshow.com\/politique-de-confidentialite\/"},"modified":"2025-04-27T18:09:59","modified_gmt":"2025-04-27T16:09:59","slug":"politica-sulla-riservatezza","status":"publish","type":"page","link":"https:\/\/www.beaulieuboatshow.com\/it\/politica-sulla-riservatezza\/","title":{"rendered":"Politica sulla riservatezza"},"content":{"rendered":"\t\t<div data-elementor-type=\"wp-page\" data-elementor-id=\"3551314\" class=\"elementor elementor-3551314 elementor-3\">\n\t\t\t\t<div class=\"elementor-element elementor-element-4acb3053 txt_legal e-flex e-con-boxed e-con e-parent\" data-id=\"4acb3053\" data-element_type=\"container\" data-e-type=\"container\">\n\t\t\t\t\t<div class=\"e-con-inner\">\n\t\t\t\t<div class=\"elementor-element elementor-element-2c63923f elementor-widget elementor-widget-text-editor\" data-id=\"2c63923f\" data-element_type=\"widget\" data-e-type=\"widget\" data-settings=\"{&quot;ekit_we_effect_on&quot;:&quot;none&quot;}\" data-widget_type=\"text-editor.default\">\n\t\t\t\t<div class=\"elementor-widget-container\">\n\t\t\t\t\t\t\t\t\t<p class=\"h2\">Chi siamo?<\/p><p>Siamo l&#8217;associazione <strong>Beaulieu Boat Show<\/strong>.<\/p><p class=\"h2\">Commenti<\/p><p>Quando lasci un commento sul nostro sito, i dati inseriti nel modulo dei commenti, cos\u00ec come il tuo indirizzo IP e lo user agent del tuo browser vengono raccolti per aiutarci a rilevare commenti indesiderati.<\/p><p>Una stringa anonima creata a partire dal tuo indirizzo email (chiamata anche hash) potrebbe essere fornita al servizio Gravatar per vedere se lo stai utilizzando. L&#8217;informativa sulla privacy del servizio Gravatar \u00e8 disponibile qui: https:\/\/automattic.com\/privacy\/. Dopo la convalida del tuo commento, la tua immagine del profilo sar\u00e0 visibile pubblicamente accanto al tuo commento.<\/p><p class=\"h2\">Media<\/p><p>Se carichi immagini sul sito web, ti consigliamo di evitare di caricare immagini contenenti dati EXIF \u200b\u200bdelle coordinate GPS. Le persone che visitano il tuo sito possono scaricare ed estrarre dati sulla posizione da queste immagini.<\/p><p class=\"h2\">Biscotti<\/p><p>Se lasci un commento sul nostro sito, ti verr\u00e0 chiesto di salvare il tuo nome, indirizzo email e sito web nei cookie. Questo \u00e8 per la tua comodit\u00e0, cos\u00ec non dovrai inserire nuovamente queste informazioni se lasci un altro commento in seguito. Questi cookie scadono dopo un anno.<br \/>Se visiti la pagina di accesso, verr\u00e0 impostato un cookie temporaneo per determinare se il tuo browser accetta i cookie. Non contiene dati personali e verr\u00e0 eliminato automaticamente alla chiusura del browser.<\/p><p>Quando effettui l&#8217;accesso, verranno impostati diversi cookie per salvare le tue informazioni di accesso e le tue scelte di visualizzazione dello schermo. La durata di vita di un cookie di accesso \u00e8 di due giorni, mentre quella di un cookie delle opzioni dello schermo \u00e8 di un anno. Se selezioni &#8220;Ricordami&#8221;, il tuo cookie di accesso verr\u00e0 conservato per due settimane. Se esci dal tuo account, il cookie di accesso verr\u00e0 eliminato.<br \/>Modificando o pubblicando un post, un cookie aggiuntivo verr\u00e0 salvato nel tuo browser. Questo cookie non include dati personali. Indica semplicemente l&#8217;ID del post che hai appena modificato. Scade dopo un giorno.<\/p><p class=\"h2\">Contenuto incorporato da altri siti<\/p><p>Gli articoli su questo sito possono includere contenuti incorporati (ad esempio video, immagini, articoli, ecc.). I contenuti incorporati da altri siti web si comportano esattamente nello stesso modo come se il visitatore avesse visitato l&#8217;altro sito web.<br \/>Questi siti web potrebbero raccogliere dati su di te, utilizzare cookie, integrare strumenti di tracciamento di terze parti e tracciare le tue interazioni con questi contenuti incorporati se hai un account connesso al loro sito web.<\/p><p class=\"h2\">Utilizzo e trasmissione dei tuoi dati personali<\/p><p>Se richiedi la reimpostazione della password, il tuo indirizzo IP sar\u00e0 incluso nell&#8217;e-mail di reimpostazione.<\/p><p class=\"h2\">Per quanto tempo conserviamo i tuoi dati<\/p><p>Se lasci un commento, il commento e i relativi metadati vengono conservati a tempo indeterminato. Ci\u00f2 ci consente di riconoscere e approvare automaticamente i commenti successivi, anzich\u00e9 lasciarli nella coda di moderazione.<br \/>Per gli account che si registrano sul nostro sito (se presenti), memorizziamo anche i dati personali indicati nel loro profilo. Tutti gli account possono vedere, modificare o eliminare i propri dati personali in qualsiasi momento (tranne il nome utente). Anche gli amministratori del sito possono visualizzare e modificare queste informazioni.<\/p><p class=\"h2\">I diritti che hai sui tuoi dati<\/p><p>Se hai un account o hai lasciato commenti sul sito, puoi richiedere di ricevere un file contenente tutti i dati personali che abbiamo su di te, compresi i dati che ci hai fornito. Puoi anche richiedere la cancellazione dei dati personali che ti riguardano. Sono esclusi i dati archiviati per scopi amministrativi, legali o di sicurezza.<\/p><p class=\"h2\">Dove vengono inviati i tuoi dati<\/p><p>I commenti dei visitatori potrebbero essere controllati tramite un servizio di rilevamento automatico dello spam.<\/p>\t\t\t\t\t\t\t\t<\/div>\n\t\t\t\t<\/div>\n\t\t\t\t\t<\/div>\n\t\t\t\t<\/div>\n\t\t\t\t<\/div>\n\t\t","protected":false},"excerpt":{"rendered":"<p>Chi siamo? Siamo l&#8217;associazione Beaulieu Boat Show. Commenti Quando lasci un commento sul nostro sito, i dati inseriti nel modulo dei commenti, cos\u00ec come il tuo indirizzo IP e lo user agent del tuo browser vengono raccolti per aiutarci a rilevare commenti indesiderati. Una stringa anonima creata a partire dal tuo indirizzo email (chiamata anche [&hellip;]<\/p>\n","protected":false},"author":1,"featured_media":0,"parent":0,"menu_order":0,"comment_status":"closed","ping_status":"closed","template":"template\/full-width-template.php","meta":{"footnotes":""},"class_list":["post-3551314","page","type-page","status-publish","hentry"],"yoast_head":"<!-- This site is optimized with the Yoast SEO plugin v27.5 - https:\/\/yoast.com\/product\/yoast-seo-wordpress\/ -->\n<title>Politica sulla riservatezza - BEAULIEU BOAT SHOW<\/title>\n<meta name=\"robots\" content=\"index, follow, max-snippet:-1, max-image-preview:large, max-video-preview:-1\" \/>\n<link rel=\"canonical\" href=\"https:\/\/www.beaulieuboatshow.com\/it\/politica-sulla-riservatezza\/\" \/>\n<meta property=\"og:locale\" content=\"it_IT\" \/>\n<meta property=\"og:type\" content=\"article\" \/>\n<meta property=\"og:title\" content=\"Politica sulla riservatezza - BEAULIEU BOAT SHOW\" \/>\n<meta property=\"og:description\" content=\"Chi siamo? Siamo l&#8217;associazione Beaulieu Boat Show. Commenti Quando lasci un commento sul nostro sito, i dati inseriti nel modulo dei commenti, cos\u00ec come il tuo indirizzo IP e lo user agent del tuo browser vengono raccolti per aiutarci a rilevare commenti indesiderati. Una stringa anonima creata a partire dal tuo indirizzo email (chiamata anche [&hellip;]\" \/>\n<meta property=\"og:url\" content=\"https:\/\/www.beaulieuboatshow.com\/it\/politica-sulla-riservatezza\/\" \/>\n<meta property=\"og:site_name\" content=\"BEAULIEU BOAT SHOW\" \/>\n<meta property=\"article:modified_time\" content=\"2025-04-27T16:09:59+00:00\" \/>\n<meta name=\"twitter:card\" content=\"summary_large_image\" \/>\n<meta name=\"twitter:label1\" content=\"Tempo di lettura stimato\" \/>\n\t<meta name=\"twitter:data1\" content=\"4 minuti\" \/>\n<script type=\"application\/ld+json\" class=\"yoast-schema-graph\">{\"@context\":\"https:\\\/\\\/schema.org\",\"@graph\":[{\"@type\":\"WebPage\",\"@id\":\"https:\\\/\\\/www.beaulieuboatshow.com\\\/it\\\/politica-sulla-riservatezza\\\/\",\"url\":\"https:\\\/\\\/www.beaulieuboatshow.com\\\/it\\\/politica-sulla-riservatezza\\\/\",\"name\":\"Politica sulla riservatezza - BEAULIEU BOAT SHOW\",\"isPartOf\":{\"@id\":\"https:\\\/\\\/www.beaulieuboatshow.com\\\/it\\\/#website\"},\"datePublished\":\"2025-01-09T19:46:19+00:00\",\"dateModified\":\"2025-04-27T16:09:59+00:00\",\"breadcrumb\":{\"@id\":\"https:\\\/\\\/www.beaulieuboatshow.com\\\/it\\\/politica-sulla-riservatezza\\\/#breadcrumb\"},\"inLanguage\":\"it-IT\",\"potentialAction\":[{\"@type\":\"ReadAction\",\"target\":[\"https:\\\/\\\/www.beaulieuboatshow.com\\\/it\\\/politica-sulla-riservatezza\\\/\"]}]},{\"@type\":\"BreadcrumbList\",\"@id\":\"https:\\\/\\\/www.beaulieuboatshow.com\\\/it\\\/politica-sulla-riservatezza\\\/#breadcrumb\",\"itemListElement\":[{\"@type\":\"ListItem\",\"position\":1,\"name\":\"Accueil\",\"item\":\"https:\\\/\\\/www.beaulieuboatshow.com\\\/it\\\/\"},{\"@type\":\"ListItem\",\"position\":2,\"name\":\"Politica sulla riservatezza\"}]},{\"@type\":\"WebSite\",\"@id\":\"https:\\\/\\\/www.beaulieuboatshow.com\\\/it\\\/#website\",\"url\":\"https:\\\/\\\/www.beaulieuboatshow.com\\\/it\\\/\",\"name\":\"BEAULIEU BOAT SHOW\",\"description\":\"\",\"publisher\":{\"@id\":\"https:\\\/\\\/www.beaulieuboatshow.com\\\/it\\\/#organization\"},\"potentialAction\":[{\"@type\":\"SearchAction\",\"target\":{\"@type\":\"EntryPoint\",\"urlTemplate\":\"https:\\\/\\\/www.beaulieuboatshow.com\\\/it\\\/?s={search_term_string}\"},\"query-input\":{\"@type\":\"PropertyValueSpecification\",\"valueRequired\":true,\"valueName\":\"search_term_string\"}}],\"inLanguage\":\"it-IT\"},{\"@type\":\"Organization\",\"@id\":\"https:\\\/\\\/www.beaulieuboatshow.com\\\/it\\\/#organization\",\"name\":\"BEAULIEU BOAT SHOW\",\"url\":\"https:\\\/\\\/www.beaulieuboatshow.com\\\/it\\\/\",\"logo\":{\"@type\":\"ImageObject\",\"inLanguage\":\"it-IT\",\"@id\":\"https:\\\/\\\/www.beaulieuboatshow.com\\\/it\\\/#\\\/schema\\\/logo\\\/image\\\/\",\"url\":\"https:\\\/\\\/www.beaulieuboatshow.com\\\/wp-content\\\/uploads\\\/2025\\\/01\\\/Beaulieu-Boat-Show-logo.svg\",\"contentUrl\":\"https:\\\/\\\/www.beaulieuboatshow.com\\\/wp-content\\\/uploads\\\/2025\\\/01\\\/Beaulieu-Boat-Show-logo.svg\",\"width\":828,\"height\":262,\"caption\":\"BEAULIEU BOAT SHOW\"},\"image\":{\"@id\":\"https:\\\/\\\/www.beaulieuboatshow.com\\\/it\\\/#\\\/schema\\\/logo\\\/image\\\/\"}}]}<\/script>\n<!-- \/ Yoast SEO plugin. -->","yoast_head_json":{"title":"Politica sulla riservatezza - BEAULIEU BOAT SHOW","robots":{"index":"index","follow":"follow","max-snippet":"max-snippet:-1","max-image-preview":"max-image-preview:large","max-video-preview":"max-video-preview:-1"},"canonical":"https:\/\/www.beaulieuboatshow.com\/it\/politica-sulla-riservatezza\/","og_locale":"it_IT","og_type":"article","og_title":"Politica sulla riservatezza - BEAULIEU BOAT SHOW","og_description":"Chi siamo? Siamo l&#8217;associazione Beaulieu Boat Show. Commenti Quando lasci un commento sul nostro sito, i dati inseriti nel modulo dei commenti, cos\u00ec come il tuo indirizzo IP e lo user agent del tuo browser vengono raccolti per aiutarci a rilevare commenti indesiderati. Una stringa anonima creata a partire dal tuo indirizzo email (chiamata anche [&hellip;]","og_url":"https:\/\/www.beaulieuboatshow.com\/it\/politica-sulla-riservatezza\/","og_site_name":"BEAULIEU BOAT SHOW","article_modified_time":"2025-04-27T16:09:59+00:00","twitter_card":"summary_large_image","twitter_misc":{"Tempo di lettura stimato":"4 minuti"},"schema":{"@context":"https:\/\/schema.org","@graph":[{"@type":"WebPage","@id":"https:\/\/www.beaulieuboatshow.com\/it\/politica-sulla-riservatezza\/","url":"https:\/\/www.beaulieuboatshow.com\/it\/politica-sulla-riservatezza\/","name":"Politica sulla riservatezza - BEAULIEU BOAT SHOW","isPartOf":{"@id":"https:\/\/www.beaulieuboatshow.com\/it\/#website"},"datePublished":"2025-01-09T19:46:19+00:00","dateModified":"2025-04-27T16:09:59+00:00","breadcrumb":{"@id":"https:\/\/www.beaulieuboatshow.com\/it\/politica-sulla-riservatezza\/#breadcrumb"},"inLanguage":"it-IT","potentialAction":[{"@type":"ReadAction","target":["https:\/\/www.beaulieuboatshow.com\/it\/politica-sulla-riservatezza\/"]}]},{"@type":"BreadcrumbList","@id":"https:\/\/www.beaulieuboatshow.com\/it\/politica-sulla-riservatezza\/#breadcrumb","itemListElement":[{"@type":"ListItem","position":1,"name":"Accueil","item":"https:\/\/www.beaulieuboatshow.com\/it\/"},{"@type":"ListItem","position":2,"name":"Politica sulla riservatezza"}]},{"@type":"WebSite","@id":"https:\/\/www.beaulieuboatshow.com\/it\/#website","url":"https:\/\/www.beaulieuboatshow.com\/it\/","name":"BEAULIEU BOAT SHOW","description":"","publisher":{"@id":"https:\/\/www.beaulieuboatshow.com\/it\/#organization"},"potentialAction":[{"@type":"SearchAction","target":{"@type":"EntryPoint","urlTemplate":"https:\/\/www.beaulieuboatshow.com\/it\/?s={search_term_string}"},"query-input":{"@type":"PropertyValueSpecification","valueRequired":true,"valueName":"search_term_string"}}],"inLanguage":"it-IT"},{"@type":"Organization","@id":"https:\/\/www.beaulieuboatshow.com\/it\/#organization","name":"BEAULIEU BOAT SHOW","url":"https:\/\/www.beaulieuboatshow.com\/it\/","logo":{"@type":"ImageObject","inLanguage":"it-IT","@id":"https:\/\/www.beaulieuboatshow.com\/it\/#\/schema\/logo\/image\/","url":"https:\/\/www.beaulieuboatshow.com\/wp-content\/uploads\/2025\/01\/Beaulieu-Boat-Show-logo.svg","contentUrl":"https:\/\/www.beaulieuboatshow.com\/wp-content\/uploads\/2025\/01\/Beaulieu-Boat-Show-logo.svg","width":828,"height":262,"caption":"BEAULIEU BOAT SHOW"},"image":{"@id":"https:\/\/www.beaulieuboatshow.com\/it\/#\/schema\/logo\/image\/"}}]}},"_links":{"self":[{"href":"https:\/\/www.beaulieuboatshow.com\/it\/wp-json\/wp\/v2\/pages\/3551314","targetHints":{"allow":["GET"]}}],"collection":[{"href":"https:\/\/www.beaulieuboatshow.com\/it\/wp-json\/wp\/v2\/pages"}],"about":[{"href":"https:\/\/www.beaulieuboatshow.com\/it\/wp-json\/wp\/v2\/types\/page"}],"author":[{"embeddable":true,"href":"https:\/\/www.beaulieuboatshow.com\/it\/wp-json\/wp\/v2\/users\/1"}],"replies":[{"embeddable":true,"href":"https:\/\/www.beaulieuboatshow.com\/it\/wp-json\/wp\/v2\/comments?post=3551314"}],"version-history":[{"count":5,"href":"https:\/\/www.beaulieuboatshow.com\/it\/wp-json\/wp\/v2\/pages\/3551314\/revisions"}],"predecessor-version":[{"id":3551360,"href":"https:\/\/www.beaulieuboatshow.com\/it\/wp-json\/wp\/v2\/pages\/3551314\/revisions\/3551360"}],"wp:attachment":[{"href":"https:\/\/www.beaulieuboatshow.com\/it\/wp-json\/wp\/v2\/media?parent=3551314"}],"curies":[{"name":"wp","href":"https:\/\/api.w.org\/{rel}","templated":true}]}}